{"id":8,"date":"2023-09-16T19:55:44","date_gmt":"2023-09-16T17:55:44","guid":{"rendered":"http:\/\/localhost\/wordpress\/home\/"},"modified":"2023-10-30T16:40:40","modified_gmt":"2023-10-30T16:40:40","slug":"startseite","status":"publish","type":"page","link":"https:\/\/wildwestliga.at\/","title":{"rendered":"Home"},"content":{"rendered":"","protected":false},"excerpt":{"rendered":"","protected":false},"author":10,"featured_media":217,"parent":0,"menu_order":0,"comment_status":"closed","ping_status":"closed","template":"","meta":{"footnotes":""},"class_list":["post-8","page","type-page","status-publish","has-post-thumbnail","hentry"],"yoast_head":"<!-- This site is optimized with the Yoast SEO plugin v27.3 - https:\/\/yoast.com\/product\/yoast-seo-wordpress\/ -->\n<title>Wildwest Tischtennisliga Tirol<\/title>\n<meta name=\"description\" content=\"Die Wildwest Tischtennisliga wurde 2010 von Oberl\u00e4nder Vereinen gegr\u00fcndet und l\u00e4uft parallel zur offiziellen Tischtennismeisterschaft.\" \/>\n<meta name=\"robots\" content=\"index, follow, max-snippet:-1, max-image-preview:large, max-video-preview:-1\" \/>\n<link rel=\"canonical\" href=\"https:\/\/wildwestliga.at\/\" \/>\n<meta property=\"og:locale\" content=\"de_DE\" \/>\n<meta property=\"og:type\" content=\"article\" \/>\n<meta property=\"og:title\" content=\"Wildwest Tischtennisliga Tirol\" \/>\n<meta property=\"og:description\" content=\"Die Wildwest Tischtennisliga wurde 2010 von Oberl\u00e4nder Vereinen gegr\u00fcndet und l\u00e4uft parallel zur offiziellen Tischtennismeisterschaft.\" \/>\n<meta property=\"og:url\" content=\"https:\/\/wildwestliga.at\/\" \/>\n<meta property=\"og:site_name\" content=\"Wildwest Liga\" \/>\n<meta property=\"article:publisher\" content=\"https:\/\/www.facebook.com\/Wildwestliga\" \/>\n<meta property=\"article:modified_time\" content=\"2023-10-30T16:40:40+00:00\" \/>\n<meta property=\"og:image\" content=\"https:\/\/wildwestliga.at\/wp-content\/uploads\/2023\/10\/Header2-jpg.webp\" \/>\n\t<meta property=\"og:image:width\" content=\"2444\" \/>\n\t<meta property=\"og:image:height\" content=\"1462\" \/>\n\t<meta property=\"og:image:type\" content=\"image\/jpeg\" \/>\n<meta name=\"twitter:card\" content=\"summary_large_image\" \/>\n<script type=\"application\/ld+json\" class=\"yoast-schema-graph\">{\"@context\":\"https:\\\/\\\/schema.org\",\"@graph\":[{\"@type\":\"WebPage\",\"@id\":\"https:\\\/\\\/wildwestliga.at\\\/\",\"url\":\"https:\\\/\\\/wildwestliga.at\\\/\",\"name\":\"Wildwest Tischtennisliga Tirol\",\"isPartOf\":{\"@id\":\"https:\\\/\\\/wildwestliga.at\\\/#website\"},\"primaryImageOfPage\":{\"@id\":\"https:\\\/\\\/wildwestliga.at\\\/#primaryimage\"},\"image\":{\"@id\":\"https:\\\/\\\/wildwestliga.at\\\/#primaryimage\"},\"thumbnailUrl\":\"https:\\\/\\\/wildwestliga.at\\\/wp-content\\\/uploads\\\/2023\\\/10\\\/altesStartbild.webp\",\"datePublished\":\"2023-09-16T17:55:44+00:00\",\"dateModified\":\"2023-10-30T16:40:40+00:00\",\"description\":\"Die Wildwest Tischtennisliga wurde 2010 von Oberl\u00e4nder Vereinen gegr\u00fcndet und l\u00e4uft parallel zur offiziellen Tischtennismeisterschaft.\",\"breadcrumb\":{\"@id\":\"https:\\\/\\\/wildwestliga.at\\\/#breadcrumb\"},\"inLanguage\":\"de\",\"potentialAction\":[{\"@type\":\"ReadAction\",\"target\":[\"https:\\\/\\\/wildwestliga.at\\\/\"]}]},{\"@type\":\"ImageObject\",\"inLanguage\":\"de\",\"@id\":\"https:\\\/\\\/wildwestliga.at\\\/#primaryimage\",\"url\":\"https:\\\/\\\/wildwestliga.at\\\/wp-content\\\/uploads\\\/2023\\\/10\\\/altesStartbild.webp\",\"contentUrl\":\"https:\\\/\\\/wildwestliga.at\\\/wp-content\\\/uploads\\\/2023\\\/10\\\/altesStartbild.webp\",\"width\":450,\"height\":350,\"caption\":\"Dr. Gerhard Walter w\u00e4hrend eines Tischtennisspieles\"},{\"@type\":\"BreadcrumbList\",\"@id\":\"https:\\\/\\\/wildwestliga.at\\\/#breadcrumb\",\"itemListElement\":[{\"@type\":\"ListItem\",\"position\":1,\"name\":\"Startseite\",\"item\":\"https:\\\/\\\/wildwestliga.at\\\/\"},{\"@type\":\"ListItem\",\"position\":2,\"name\":\"Home\"}]},{\"@type\":\"WebSite\",\"@id\":\"https:\\\/\\\/wildwestliga.at\\\/#website\",\"url\":\"https:\\\/\\\/wildwestliga.at\\\/\",\"name\":\"Wildwest Liga\",\"description\":\"Tischtennis Tirol\",\"publisher\":{\"@id\":\"https:\\\/\\\/wildwestliga.at\\\/#organization\"},\"potentialAction\":[{\"@type\":\"SearchAction\",\"target\":{\"@type\":\"EntryPoint\",\"urlTemplate\":\"https:\\\/\\\/wildwestliga.at\\\/?s={search_term_string}\"},\"query-input\":{\"@type\":\"PropertyValueSpecification\",\"valueRequired\":true,\"valueName\":\"search_term_string\"}}],\"inLanguage\":\"de\"},{\"@type\":\"Organization\",\"@id\":\"https:\\\/\\\/wildwestliga.at\\\/#organization\",\"name\":\"Wildwest Liga\",\"url\":\"https:\\\/\\\/wildwestliga.at\\\/\",\"logo\":{\"@type\":\"ImageObject\",\"inLanguage\":\"de\",\"@id\":\"https:\\\/\\\/wildwestliga.at\\\/#\\\/schema\\\/logo\\\/image\\\/\",\"url\":\"https:\\\/\\\/wildwestliga.at\\\/wp-content\\\/uploads\\\/2023\\\/09\\\/logo-wildwest-liga.jpg\",\"contentUrl\":\"https:\\\/\\\/wildwestliga.at\\\/wp-content\\\/uploads\\\/2023\\\/09\\\/logo-wildwest-liga.jpg\",\"width\":200,\"height\":175,\"caption\":\"Wildwest Liga\"},\"image\":{\"@id\":\"https:\\\/\\\/wildwestliga.at\\\/#\\\/schema\\\/logo\\\/image\\\/\"},\"sameAs\":[\"https:\\\/\\\/www.facebook.com\\\/Wildwestliga\"]}]}<\/script>\n<!-- \/ Yoast SEO plugin. -->","yoast_head_json":{"title":"Wildwest Tischtennisliga Tirol","description":"Die Wildwest Tischtennisliga wurde 2010 von Oberl\u00e4nder Vereinen gegr\u00fcndet und l\u00e4uft parallel zur offiziellen Tischtennismeisterschaft.","robots":{"index":"index","follow":"follow","max-snippet":"max-snippet:-1","max-image-preview":"max-image-preview:large","max-video-preview":"max-video-preview:-1"},"canonical":"https:\/\/wildwestliga.at\/","og_locale":"de_DE","og_type":"article","og_title":"Wildwest Tischtennisliga Tirol","og_description":"Die Wildwest Tischtennisliga wurde 2010 von Oberl\u00e4nder Vereinen gegr\u00fcndet und l\u00e4uft parallel zur offiziellen Tischtennismeisterschaft.","og_url":"https:\/\/wildwestliga.at\/","og_site_name":"Wildwest Liga","article_publisher":"https:\/\/www.facebook.com\/Wildwestliga","article_modified_time":"2023-10-30T16:40:40+00:00","og_image":[{"width":2444,"height":1462,"url":"https:\/\/wildwestliga.at\/wp-content\/uploads\/2023\/10\/Header2-jpg.webp","type":"image\/jpeg"}],"twitter_card":"summary_large_image","schema":{"@context":"https:\/\/schema.org","@graph":[{"@type":"WebPage","@id":"https:\/\/wildwestliga.at\/","url":"https:\/\/wildwestliga.at\/","name":"Wildwest Tischtennisliga Tirol","isPartOf":{"@id":"https:\/\/wildwestliga.at\/#website"},"primaryImageOfPage":{"@id":"https:\/\/wildwestliga.at\/#primaryimage"},"image":{"@id":"https:\/\/wildwestliga.at\/#primaryimage"},"thumbnailUrl":"https:\/\/wildwestliga.at\/wp-content\/uploads\/2023\/10\/altesStartbild.webp","datePublished":"2023-09-16T17:55:44+00:00","dateModified":"2023-10-30T16:40:40+00:00","description":"Die Wildwest Tischtennisliga wurde 2010 von Oberl\u00e4nder Vereinen gegr\u00fcndet und l\u00e4uft parallel zur offiziellen Tischtennismeisterschaft.","breadcrumb":{"@id":"https:\/\/wildwestliga.at\/#breadcrumb"},"inLanguage":"de","potentialAction":[{"@type":"ReadAction","target":["https:\/\/wildwestliga.at\/"]}]},{"@type":"ImageObject","inLanguage":"de","@id":"https:\/\/wildwestliga.at\/#primaryimage","url":"https:\/\/wildwestliga.at\/wp-content\/uploads\/2023\/10\/altesStartbild.webp","contentUrl":"https:\/\/wildwestliga.at\/wp-content\/uploads\/2023\/10\/altesStartbild.webp","width":450,"height":350,"caption":"Dr. Gerhard Walter w\u00e4hrend eines Tischtennisspieles"},{"@type":"BreadcrumbList","@id":"https:\/\/wildwestliga.at\/#breadcrumb","itemListElement":[{"@type":"ListItem","position":1,"name":"Startseite","item":"https:\/\/wildwestliga.at\/"},{"@type":"ListItem","position":2,"name":"Home"}]},{"@type":"WebSite","@id":"https:\/\/wildwestliga.at\/#website","url":"https:\/\/wildwestliga.at\/","name":"Wildwest Liga","description":"Tischtennis Tirol","publisher":{"@id":"https:\/\/wildwestliga.at\/#organization"},"potentialAction":[{"@type":"SearchAction","target":{"@type":"EntryPoint","urlTemplate":"https:\/\/wildwestliga.at\/?s={search_term_string}"},"query-input":{"@type":"PropertyValueSpecification","valueRequired":true,"valueName":"search_term_string"}}],"inLanguage":"de"},{"@type":"Organization","@id":"https:\/\/wildwestliga.at\/#organization","name":"Wildwest Liga","url":"https:\/\/wildwestliga.at\/","logo":{"@type":"ImageObject","inLanguage":"de","@id":"https:\/\/wildwestliga.at\/#\/schema\/logo\/image\/","url":"https:\/\/wildwestliga.at\/wp-content\/uploads\/2023\/09\/logo-wildwest-liga.jpg","contentUrl":"https:\/\/wildwestliga.at\/wp-content\/uploads\/2023\/09\/logo-wildwest-liga.jpg","width":200,"height":175,"caption":"Wildwest Liga"},"image":{"@id":"https:\/\/wildwestliga.at\/#\/schema\/logo\/image\/"},"sameAs":["https:\/\/www.facebook.com\/Wildwestliga"]}]}},"_links":{"self":[{"href":"https:\/\/wildwestliga.at\/index.php?rest_route=\/wp\/v2\/pages\/8","targetHints":{"allow":["GET"]}}],"collection":[{"href":"https:\/\/wildwestliga.at\/index.php?rest_route=\/wp\/v2\/pages"}],"about":[{"href":"https:\/\/wildwestliga.at\/index.php?rest_route=\/wp\/v2\/types\/page"}],"author":[{"embeddable":true,"href":"https:\/\/wildwestliga.at\/index.php?rest_route=\/wp\/v2\/users\/10"}],"replies":[{"embeddable":true,"href":"https:\/\/wildwestliga.at\/index.php?rest_route=%2Fwp%2Fv2%2Fcomments&post=8"}],"version-history":[{"count":1,"href":"https:\/\/wildwestliga.at\/index.php?rest_route=\/wp\/v2\/pages\/8\/revisions"}],"predecessor-version":[{"id":208,"href":"https:\/\/wildwestliga.at\/index.php?rest_route=\/wp\/v2\/pages\/8\/revisions\/208"}],"wp:featuredmedia":[{"embeddable":true,"href":"https:\/\/wildwestliga.at\/index.php?rest_route=\/wp\/v2\/media\/217"}],"wp:attachment":[{"href":"https:\/\/wildwestliga.at\/index.php?rest_route=%2Fwp%2Fv2%2Fmedia&parent=8"}],"curies":[{"name":"wp","href":"https:\/\/api.w.org\/{rel}","templated":true}]}}